{"id":7987,"date":"2026-03-05T09:54:19","date_gmt":"2026-03-05T08:54:19","guid":{"rendered":"https:\/\/consutil.com\/?page_id=7987"},"modified":"2026-03-24T23:02:31","modified_gmt":"2026-03-24T22:02:31","slug":"privacy-policy","status":"publish","type":"page","link":"https:\/\/consutil.com\/en\/privacy-policy\/","title":{"rendered":"Privacy Policy"},"content":{"rendered":"<div data-elementor-type=\"wp-page\" data-elementor-id=\"7987\" class=\"elementor elementor-7987\" data-elementor-post-type=\"page\">\n\t\t\t\t<div class=\"elementor-element elementor-element-cec4801 e-flex e-con-boxed e-con e-parent\" data-id=\"cec4801\" data-element_type=\"container\" data-e-type=\"container\">\n\t\t\t\t\t<div class=\"e-con-inner\">\n\t\t\t\t<div class=\"elementor-element elementor-element-e68aa05 elementor-widget elementor-widget-heading\" data-id=\"e68aa05\" data-element_type=\"widget\" data-e-type=\"widget\" data-widget_type=\"heading.default\">\n\t\t\t\t\t<h1 class=\"elementor-heading-title elementor-size-default\">Privacy Policy<\/h1>\t\t\t\t<\/div>\n\t\t\t\t\t<\/div>\n\t\t\t\t<\/div>\n\t\t<div class=\"elementor-element elementor-element-6b3809c e-flex e-con-boxed e-con e-parent\" data-id=\"6b3809c\" data-element_type=\"container\" data-e-type=\"container\">\n\t\t\t\t\t<div class=\"e-con-inner\">\n\t\t\t\t<div class=\"elementor-element elementor-element-40859e9 elementor-widget elementor-widget-text-editor\" data-id=\"40859e9\" data-element_type=\"widget\" data-e-type=\"widget\" data-widget_type=\"text-editor.default\">\n\t\t\t\t\t\t\t\t\t<p class=\"isSelectedEnd\">Last update: March 5, 2026<\/p><p class=\"isSelectedEnd\">The consutil.com website collects some personal data from users.<\/p><p class=\"isSelectedEnd\">Data controller<br \/>The data controller is the owner of the consutil.com website.<br \/>For any inquiries, please contact: <a href=\"mailto:info@consutil.com\">info@consutil.com<\/a><\/p><p class=\"isSelectedEnd\">Type of data collected<br \/>The site may collect the following data:<\/p><p class=\"isSelectedEnd\">\u2022 email address voluntarily provided by the user via the newsletter subscription form<br \/>\u2022 technical navigation data (IP address, browser, operating system)<\/p><p class=\"isSelectedEnd\">Purpose of the processing<br \/>The data collected is used exclusively for:<\/p><p class=\"isSelectedEnd\">\u2022 sending the newsletter with updates and new articles on the site<br \/>\u2022 improvement of the site and contents<\/p><p class=\"isSelectedEnd\">Third-party services<br \/>The site uses the Brevo platform to manage the newsletter.<\/p><p class=\"isSelectedEnd\">The data entered in the registration form will be transmitted to Brevo for email management.<\/p><p class=\"isSelectedEnd\">Brevo processes data as a data controller in accordance with the GDPR regulations.<\/p><p class=\"isSelectedEnd\">Cookie<br \/>The site may use technical cookies necessary for its operation and third-party cookies.<\/p><p class=\"isSelectedEnd\">For more information, see the Cookie Policy.<\/p><p class=\"isSelectedEnd\">Amazon Affiliate<br \/>The site participates in the Amazon EU affiliate program.<br \/>This program allows sites to earn advertising fees by advertising and linking to the Amazon site.<\/p><p class=\"isSelectedEnd\">User rights<br \/>Users can request at any time:<\/p><p class=\"isSelectedEnd\">\u2022 access to your data<br \/>\u2022 data modification<br \/>\u2022 data deletion<\/p><p>For any inquiries, please contact: <a href=\"mailto:info@consutil.com\">info@consutil.com<\/a><\/p>\t\t\t\t\t\t\t\t<\/div>\n\t\t\t\t\t<\/div>\n\t\t\t\t<\/div>\n\t\t\t\t<\/div>","protected":false},"excerpt":{"rendered":"<p>Privacy Policy Ultimo aggiornamento: 5 marzo 2026 Il sito consutil.com raccoglie alcuni dati personali degli utenti. Titolare del trattamentoIl titolare del trattamento dei dati \u00e8 il proprietario del sito consutil.com.Per qualsiasi richiesta \u00e8 possibile contattare: info@consutil.com Tipologia di dati raccoltiIl sito pu\u00f2 raccogliere i seguenti dati: \u2022 indirizzo email fornito volontariamente dall\u2019utente tramite il modulo [&hellip;]<\/p>\n","protected":false},"author":1,"featured_media":0,"parent":0,"menu_order":0,"comment_status":"closed","ping_status":"closed","template":"elementor_canvas","meta":{"footnotes":"","beyondwords_generate_audio":"","beyondwords_integration_method":"","beyondwords_project_id":"","beyondwords_content_id":"","beyondwords_preview_token":"","beyondwords_player_content":"","beyondwords_player_style":"","beyondwords_language_code":"","beyondwords_language_id":"","beyondwords_title_voice_id":"","beyondwords_body_voice_id":"","beyondwords_summary_voice_id":"","beyondwords_error_message":"","beyondwords_disabled":"","beyondwords_delete_content":"","beyondwords_podcast_id":"","beyondwords_hash":"","publish_post_to_speechkit":"","speechkit_hash":"","speechkit_generate_audio":"","speechkit_project_id":"","speechkit_podcast_id":"","speechkit_error_message":"","speechkit_disabled":"","speechkit_access_key":"","speechkit_error":"","speechkit_info":"","speechkit_response":"","speechkit_retries":"","speechkit_status":"","speechkit_updated_at":"","_speechkit_link":"","_speechkit_text":""},"class_list":["post-7987","page","type-page","status-publish","hentry"],"yoast_head":"<!-- This site is optimized with the Yoast SEO plugin v27.5 - https:\/\/yoast.com\/product\/yoast-seo-wordpress\/ -->\n<title>Privacy Policy<\/title>\n<meta name=\"description\" content=\"Informativa sulla privacy del sito consutil.com. Scopri come vengono raccolti, utilizzati e protetti i dati personali degli utenti.\" \/>\n<meta name=\"robots\" content=\"index, follow, max-snippet:-1, max-image-preview:large, max-video-preview:-1\" \/>\n<link rel=\"canonical\" href=\"https:\/\/consutil.com\/en\/privacy-policy\/\" \/>\n<meta property=\"og:locale\" content=\"en_US\" \/>\n<meta property=\"og:type\" content=\"article\" \/>\n<meta property=\"og:title\" content=\"Privacy Policy\" \/>\n<meta property=\"og:description\" content=\"Informativa sulla privacy del sito consutil.com. Scopri come vengono raccolti, utilizzati e protetti i dati personali degli utenti.\" \/>\n<meta property=\"og:url\" content=\"https:\/\/consutil.com\/en\/privacy-policy\/\" \/>\n<meta property=\"og:site_name\" content=\"Consutil \u2014 Consigli e guide pratiche per la vita quotidiana\" \/>\n<meta property=\"article:modified_time\" content=\"2026-03-24T22:02:31+00:00\" \/>\n<meta name=\"twitter:card\" content=\"summary_large_image\" \/>\n<meta name=\"twitter:label1\" content=\"Est. reading time\" \/>\n\t<meta name=\"twitter:data1\" content=\"2 minutes\" \/>\n<script type=\"application\/ld+json\" class=\"yoast-schema-graph\">{\"@context\":\"https:\\\/\\\/schema.org\",\"@graph\":[{\"@type\":\"WebPage\",\"@id\":\"https:\\\/\\\/consutil.com\\\/privacy-policy\\\/\",\"url\":\"https:\\\/\\\/consutil.com\\\/privacy-policy\\\/\",\"name\":\"Privacy Policy\",\"isPartOf\":{\"@id\":\"https:\\\/\\\/consutil.com\\\/#website\"},\"datePublished\":\"2026-03-05T08:54:19+00:00\",\"dateModified\":\"2026-03-24T22:02:31+00:00\",\"description\":\"Informativa sulla privacy del sito consutil.com. Scopri come vengono raccolti, utilizzati e protetti i dati personali degli utenti.\",\"breadcrumb\":{\"@id\":\"https:\\\/\\\/consutil.com\\\/privacy-policy\\\/#breadcrumb\"},\"inLanguage\":\"en-US\",\"potentialAction\":[{\"@type\":\"ReadAction\",\"target\":[\"https:\\\/\\\/consutil.com\\\/privacy-policy\\\/\"]}]},{\"@type\":\"BreadcrumbList\",\"@id\":\"https:\\\/\\\/consutil.com\\\/privacy-policy\\\/#breadcrumb\",\"itemListElement\":[{\"@type\":\"ListItem\",\"position\":1,\"name\":\"Home\",\"item\":\"https:\\\/\\\/consutil.com\\\/\"},{\"@type\":\"ListItem\",\"position\":2,\"name\":\"Privacy Policy\"}]},{\"@type\":\"WebSite\",\"@id\":\"https:\\\/\\\/consutil.com\\\/#website\",\"url\":\"https:\\\/\\\/consutil.com\\\/\",\"name\":\"Consigli utili\",\"description\":\"Soluzioni semplici, veloci e affidabili per ogni giorno\",\"publisher\":{\"@id\":\"https:\\\/\\\/consutil.com\\\/#\\\/schema\\\/person\\\/5645a164bd68343bf49bc754fa85d6d6\"},\"potentialAction\":[{\"@type\":\"SearchAction\",\"target\":{\"@type\":\"EntryPoint\",\"urlTemplate\":\"https:\\\/\\\/consutil.com\\\/?s={search_term_string}\"},\"query-input\":{\"@type\":\"PropertyValueSpecification\",\"valueRequired\":true,\"valueName\":\"search_term_string\"}}],\"inLanguage\":\"en-US\"},{\"@type\":[\"Person\",\"Organization\"],\"@id\":\"https:\\\/\\\/consutil.com\\\/#\\\/schema\\\/person\\\/5645a164bd68343bf49bc754fa85d6d6\",\"name\":\"admin\",\"image\":{\"@type\":\"ImageObject\",\"inLanguage\":\"en-US\",\"@id\":\"https:\\\/\\\/consutil.com\\\/wp-content\\\/uploads\\\/2025\\\/12\\\/logo-3a-tras-85-1.png\",\"url\":\"https:\\\/\\\/consutil.com\\\/wp-content\\\/uploads\\\/2025\\\/12\\\/logo-3a-tras-85-1.png\",\"contentUrl\":\"https:\\\/\\\/consutil.com\\\/wp-content\\\/uploads\\\/2025\\\/12\\\/logo-3a-tras-85-1.png\",\"width\":85,\"height\":85,\"caption\":\"admin\"},\"logo\":{\"@id\":\"https:\\\/\\\/consutil.com\\\/wp-content\\\/uploads\\\/2025\\\/12\\\/logo-3a-tras-85-1.png\"},\"sameAs\":[\"https:\\\/\\\/consutil.com\"]}]}<\/script>\n<!-- \/ Yoast SEO plugin. -->","yoast_head_json":{"title":"Privacy Policy","description":"Privacy Policy for consutil.com. Learn how we collect, use, and protect your personal data.","robots":{"index":"index","follow":"follow","max-snippet":"max-snippet:-1","max-image-preview":"max-image-preview:large","max-video-preview":"max-video-preview:-1"},"canonical":"https:\/\/consutil.com\/en\/privacy-policy\/","og_locale":"en_US","og_type":"article","og_title":"Privacy Policy","og_description":"Informativa sulla privacy del sito consutil.com. Scopri come vengono raccolti, utilizzati e protetti i dati personali degli utenti.","og_url":"https:\/\/consutil.com\/en\/privacy-policy\/","og_site_name":"Consutil \u2014 Consigli e guide pratiche per la vita quotidiana","article_modified_time":"2026-03-24T22:02:31+00:00","twitter_card":"summary_large_image","twitter_misc":{"Est. reading time":"2 minutes"},"schema":{"@context":"https:\/\/schema.org","@graph":[{"@type":"WebPage","@id":"https:\/\/consutil.com\/privacy-policy\/","url":"https:\/\/consutil.com\/privacy-policy\/","name":"Privacy Policy","isPartOf":{"@id":"https:\/\/consutil.com\/#website"},"datePublished":"2026-03-05T08:54:19+00:00","dateModified":"2026-03-24T22:02:31+00:00","description":"Privacy Policy for consutil.com. Learn how we collect, use, and protect your personal data.","breadcrumb":{"@id":"https:\/\/consutil.com\/privacy-policy\/#breadcrumb"},"inLanguage":"en-US","potentialAction":[{"@type":"ReadAction","target":["https:\/\/consutil.com\/privacy-policy\/"]}]},{"@type":"BreadcrumbList","@id":"https:\/\/consutil.com\/privacy-policy\/#breadcrumb","itemListElement":[{"@type":"ListItem","position":1,"name":"Home","item":"https:\/\/consutil.com\/"},{"@type":"ListItem","position":2,"name":"Privacy Policy"}]},{"@type":"WebSite","@id":"https:\/\/consutil.com\/#website","url":"https:\/\/consutil.com\/","name":"Useful Tips","description":"Simple, fast and reliable solutions for every day","publisher":{"@id":"https:\/\/consutil.com\/#\/schema\/person\/5645a164bd68343bf49bc754fa85d6d6"},"potentialAction":[{"@type":"SearchAction","target":{"@type":"EntryPoint","urlTemplate":"https:\/\/consutil.com\/?s={search_term_string}"},"query-input":{"@type":"PropertyValueSpecification","valueRequired":true,"valueName":"search_term_string"}}],"inLanguage":"en-US"},{"@type":["Person","Organization"],"@id":"https:\/\/consutil.com\/#\/schema\/person\/5645a164bd68343bf49bc754fa85d6d6","name":"admin","image":{"@type":"ImageObject","inLanguage":"en-US","@id":"https:\/\/consutil.com\/wp-content\/uploads\/2025\/12\/logo-3a-tras-85-1.png","url":"https:\/\/consutil.com\/wp-content\/uploads\/2025\/12\/logo-3a-tras-85-1.png","contentUrl":"https:\/\/consutil.com\/wp-content\/uploads\/2025\/12\/logo-3a-tras-85-1.png","width":85,"height":85,"caption":"admin"},"logo":{"@id":"https:\/\/consutil.com\/wp-content\/uploads\/2025\/12\/logo-3a-tras-85-1.png"},"sameAs":["https:\/\/consutil.com"]}]}},"_links":{"self":[{"href":"https:\/\/consutil.com\/en\/wp-json\/wp\/v2\/pages\/7987","targetHints":{"allow":["GET"]}}],"collection":[{"href":"https:\/\/consutil.com\/en\/wp-json\/wp\/v2\/pages"}],"about":[{"href":"https:\/\/consutil.com\/en\/wp-json\/wp\/v2\/types\/page"}],"author":[{"embeddable":true,"href":"https:\/\/consutil.com\/en\/wp-json\/wp\/v2\/users\/1"}],"replies":[{"embeddable":true,"href":"https:\/\/consutil.com\/en\/wp-json\/wp\/v2\/comments?post=7987"}],"version-history":[{"count":7,"href":"https:\/\/consutil.com\/en\/wp-json\/wp\/v2\/pages\/7987\/revisions"}],"predecessor-version":[{"id":9919,"href":"https:\/\/consutil.com\/en\/wp-json\/wp\/v2\/pages\/7987\/revisions\/9919"}],"wp:attachment":[{"href":"https:\/\/consutil.com\/en\/wp-json\/wp\/v2\/media?parent=7987"}],"curies":[{"name":"wp","href":"https:\/\/api.w.org\/{rel}","templated":true}]}}